{"id":11,"date":"2021-12-28T14:38:08","date_gmt":"2021-12-28T14:38:08","guid":{"rendered":"https:\/\/www.oliver-hart.de\/wp\/?page_id=11"},"modified":"2022-01-26T12:56:01","modified_gmt":"2022-01-26T12:56:01","slug":"reise-in-die-pyrenaeen","status":"publish","type":"page","link":"https:\/\/www.oliver-hart.de\/wp\/?page_id=11","title":{"rendered":"Pyren\u00e4en 2021"},"content":{"rendered":"\n<h2 id=\"die-anreise\">Die Anreise<\/h2>\n\n\n\n<p><\/p>\n\n\n\n<p>10. September 2021 endlich geht es in die Pyren\u00e4en, leider ist der Weg weit und unsere Zeit begrenzt, so bleibt uns nichts anderes als die Motorr\u00e4der auf den Anh\u00e4nger zu laden und die 1500 Km mit dem Auto zu fahren.<\/p>\n\n\n\n<p><\/p>\n\n\n\n<p>Wir, dass sind Matthias, Alex und ich sowie 3 weitere 3er Teams mit Auto und Anh\u00e4nger.<\/p>\n\n\n\n<p>Wir treffen uns in Frankfurt bei Matthias, h\u00e4ngen den von mir mitgebrachten Anh\u00e4nger an seinen Amarok und laden die beiden anderen Motorr\u00e4der auf, lassen uns noch von Dagmar bekochen um dann gegen 21:15 Uhr endg\u00fcltig aufzubrechen.<\/p>\n\n\n\n<figure class=\"wp-block-image size-large is-resized is-style-rounded\"><img loading=\"lazy\" src=\"https:\/\/www.oliver-hart.de\/wp\/wp-content\/uploads\/2022\/01\/IMG_3104-2-886x1024.jpg\" alt=\"\" class=\"wp-image-44\" width=\"507\" height=\"584\"\/><\/figure>\n\n\n\n<p>1500 Kilometer Autobahn sind nicht gerade spannend, unterbrochen von Tankpausen und einem tollen Sonnenaufgang den wir um 7:00 Uhr Morgens auf einer Franz\u00f6sischen Rastst\u00e4tte 35 km vor Montpellier geniessen konnten, garniert mit leckeren H\u00e4ppchen die uns wohlmeinende Frauen in nicht unerheblichen Mengen eingepackt haben!<\/p>\n\n\n\n<figure class=\"wp-block-image size-large is-resized\"><img loading=\"lazy\" src=\"https:\/\/www.oliver-hart.de\/wp\/wp-content\/uploads\/2022\/01\/IMG_3105-1024x768.jpeg\" alt=\"\" class=\"wp-image-47\" width=\"569\" height=\"427\" srcset=\"https:\/\/www.oliver-hart.de\/wp\/wp-content\/uploads\/2022\/01\/IMG_3105-1024x768.jpeg 1024w, https:\/\/www.oliver-hart.de\/wp\/wp-content\/uploads\/2022\/01\/IMG_3105-300x225.jpeg 300w, https:\/\/www.oliver-hart.de\/wp\/wp-content\/uploads\/2022\/01\/IMG_3105-768x576.jpeg 768w, https:\/\/www.oliver-hart.de\/wp\/wp-content\/uploads\/2022\/01\/IMG_3105-1536x1152.jpeg 1536w, https:\/\/www.oliver-hart.de\/wp\/wp-content\/uploads\/2022\/01\/IMG_3105-2048x1536.jpeg 2048w\" sizes=\"(max-width: 569px) 100vw, 569px\" \/><figcaption>Rastst\u00e4tte bei Villetelle, Frankreich<\/figcaption><\/figure>\n\n\n\n<p>So sch\u00f6n der Sonnenuntergang und so lecker die H\u00e4ppchen waren, noch liegen 500 km vor uns die wir dann mal frisch gest\u00e4rkt in Angriff nehmen!<\/p>\n\n\n\n<p><\/p>\n\n\n\n<p>Gegen 10:30 Uhr verlassen wir die Autobahn und die Berge kommen in Sichtweite:<\/p>\n\n\n\n<p><\/p>\n\n\n\n<figure class=\"wp-block-image size-large is-resized\"><img loading=\"lazy\" src=\"https:\/\/www.oliver-hart.de\/wp\/wp-content\/uploads\/2022\/01\/IMG_3108-1024x768.jpeg\" alt=\"\" class=\"wp-image-51\" width=\"569\" height=\"432\"\/><figcaption>Berge, es wird!<\/figcaption><\/figure>\n\n\n\n<p>Eine Stunde sp\u00e4ter sind wir in Spanien, die Landschaft wird reizvoller und die Berge h\u00f6her:<\/p>\n\n\n\n<p><\/p>\n\n\n\n<figure class=\"wp-block-image size-large is-resized\"><img src=\"https:\/\/www.oliver-hart.de\/wp\/wp-content\/uploads\/2022\/01\/IMG_3110-768x1024.jpeg\" alt=\"\" class=\"wp-image-52\" width=\"569\" srcset=\"https:\/\/www.oliver-hart.de\/wp\/wp-content\/uploads\/2022\/01\/IMG_3110-768x1024.jpeg 768w, https:\/\/www.oliver-hart.de\/wp\/wp-content\/uploads\/2022\/01\/IMG_3110-225x300.jpeg 225w, https:\/\/www.oliver-hart.de\/wp\/wp-content\/uploads\/2022\/01\/IMG_3110-1152x1536.jpeg 1152w, https:\/\/www.oliver-hart.de\/wp\/wp-content\/uploads\/2022\/01\/IMG_3110-1536x2048.jpeg 1536w, https:\/\/www.oliver-hart.de\/wp\/wp-content\/uploads\/2022\/01\/IMG_3110-scaled.jpeg 1920w\" sizes=\"(max-width: 768px) 100vw, 768px\" \/><\/figure>\n\n\n\n<p>Das Wetter ist gut und wird es auch weitestgehend bleiben, mittlerweile sind wir unserem Ziel dem Camping de Isabena nahe gekommen und freuen uns auf einen Kaffee.<\/p>\n\n\n\n<p><\/p>\n\n\n\n<figure class=\"wp-block-image size-large is-resized\"><img src=\"https:\/\/www.oliver-hart.de\/wp\/wp-content\/uploads\/2022\/01\/IMG_3155-1024x768.jpeg\" alt=\"\" class=\"wp-image-53\" width=\"569\" srcset=\"https:\/\/www.oliver-hart.de\/wp\/wp-content\/uploads\/2022\/01\/IMG_3155-1024x768.jpeg 1024w, https:\/\/www.oliver-hart.de\/wp\/wp-content\/uploads\/2022\/01\/IMG_3155-300x225.jpeg 300w, https:\/\/www.oliver-hart.de\/wp\/wp-content\/uploads\/2022\/01\/IMG_3155-768x576.jpeg 768w, https:\/\/www.oliver-hart.de\/wp\/wp-content\/uploads\/2022\/01\/IMG_3155-1536x1152.jpeg 1536w, https:\/\/www.oliver-hart.de\/wp\/wp-content\/uploads\/2022\/01\/IMG_3155-2048x1536.jpeg 2048w\" sizes=\"(max-width: 1024px) 100vw, 1024px\" \/><\/figure>\n\n\n\n<figure class=\"wp-block-image size-large is-resized\"><img src=\"https:\/\/www.oliver-hart.de\/wp\/wp-content\/uploads\/2022\/01\/IMG_3156-1024x768.jpeg\" alt=\"\" class=\"wp-image-54\" width=\"569\" srcset=\"https:\/\/www.oliver-hart.de\/wp\/wp-content\/uploads\/2022\/01\/IMG_3156-1024x768.jpeg 1024w, https:\/\/www.oliver-hart.de\/wp\/wp-content\/uploads\/2022\/01\/IMG_3156-300x225.jpeg 300w, https:\/\/www.oliver-hart.de\/wp\/wp-content\/uploads\/2022\/01\/IMG_3156-768x576.jpeg 768w, https:\/\/www.oliver-hart.de\/wp\/wp-content\/uploads\/2022\/01\/IMG_3156-1536x1152.jpeg 1536w, https:\/\/www.oliver-hart.de\/wp\/wp-content\/uploads\/2022\/01\/IMG_3156-2048x1536.jpeg 2048w\" sizes=\"(max-width: 1024px) 100vw, 1024px\" \/><\/figure>\n\n\n\n<figure class=\"wp-block-image size-large is-resized\"><img src=\"https:\/\/www.oliver-hart.de\/wp\/wp-content\/uploads\/2022\/01\/Ziel-erreicht-1024x576.jpg\" alt=\"\" class=\"wp-image-106\" width=\"800\" srcset=\"https:\/\/www.oliver-hart.de\/wp\/wp-content\/uploads\/2022\/01\/Ziel-erreicht-1024x576.jpg 1024w, https:\/\/www.oliver-hart.de\/wp\/wp-content\/uploads\/2022\/01\/Ziel-erreicht-300x169.jpg 300w, https:\/\/www.oliver-hart.de\/wp\/wp-content\/uploads\/2022\/01\/Ziel-erreicht-768x432.jpg 768w, https:\/\/www.oliver-hart.de\/wp\/wp-content\/uploads\/2022\/01\/Ziel-erreicht-1536x864.jpg 1536w, https:\/\/www.oliver-hart.de\/wp\/wp-content\/uploads\/2022\/01\/Ziel-erreicht.jpg 1930w\" sizes=\"(max-width: 1024px) 100vw, 1024px\" \/><figcaption>Ziel erreicht, unser Bungalow im Campingpark<\/figcaption><\/figure>\n\n\n\n<p><\/p>\n","protected":false},"excerpt":{"rendered":"<p>Die Anreise 10. September 2021 endlich geht es in die Pyren\u00e4en, leider ist der Weg weit und unsere Zeit begrenzt, so bleibt uns nichts anderes als die Motorr\u00e4der auf den Anh\u00e4nger zu laden und die 1500 Km mit dem Auto zu fahren. Wir, dass sind Matthias, Alex und ich sowie&#8230; <a class=\"continue-reading-link\" href=\"https:\/\/www.oliver-hart.de\/wp\/?page_id=11\"> Continue reading <span class=\"meta-nav\">&rarr; <\/span><\/a><\/p>\n","protected":false},"author":2,"featured_media":181,"parent":0,"menu_order":0,"comment_status":"open","ping_status":"closed","template":"","meta":[],"_links":{"self":[{"href":"https:\/\/www.oliver-hart.de\/wp\/index.php?rest_route=\/wp\/v2\/pages\/11"}],"collection":[{"href":"https:\/\/www.oliver-hart.de\/wp\/index.php?rest_route=\/wp\/v2\/pages"}],"about":[{"href":"https:\/\/www.oliver-hart.de\/wp\/index.php?rest_route=\/wp\/v2\/types\/page"}],"author":[{"embeddable":true,"href":"https:\/\/www.oliver-hart.de\/wp\/index.php?rest_route=\/wp\/v2\/users\/2"}],"replies":[{"embeddable":true,"href":"https:\/\/www.oliver-hart.de\/wp\/index.php?rest_route=%2Fwp%2Fv2%2Fcomments&post=11"}],"version-history":[{"count":17,"href":"https:\/\/www.oliver-hart.de\/wp\/index.php?rest_route=\/wp\/v2\/pages\/11\/revisions"}],"predecessor-version":[{"id":250,"href":"https:\/\/www.oliver-hart.de\/wp\/index.php?rest_route=\/wp\/v2\/pages\/11\/revisions\/250"}],"wp:featuredmedia":[{"embeddable":true,"href":"https:\/\/www.oliver-hart.de\/wp\/index.php?rest_route=\/wp\/v2\/media\/181"}],"wp:attachment":[{"href":"https:\/\/www.oliver-hart.de\/wp\/index.php?rest_route=%2Fwp%2Fv2%2Fmedia&parent=11"}],"curies":[{"name":"wp","href":"https:\/\/api.w.org\/{rel}","templated":true}]}}