{"id":118,"date":"2022-01-07T17:02:04","date_gmt":"2022-01-07T17:02:04","guid":{"rendered":"https:\/\/www.oliver-hart.de\/wp\/?page_id=118"},"modified":"2022-01-26T12:56:01","modified_gmt":"2022-01-26T12:56:01","slug":"tour-nach-huesca-oder-wie-leicht-man-in-die-irre-gefuehrt-wird","status":"publish","type":"page","link":"https:\/\/www.oliver-hart.de\/wp\/?page_id=118","title":{"rendered":"Tour nach Huesca oder wie leicht man in die Irre gef\u00fchrt wird"},"content":{"rendered":"\n<p>Mittwoch, die 12 Truppe l\u00f6st sich in mehrere kleine Gruppen auf, jeder hat so seine Interessen und Ideen, Volker und ich wollen gerne mal etwas weiter um mehr von den Pyren\u00e4en zu sehen, wir planen eine grosses Karree mit Huesca als Ziel um die Mittagszeit.<\/p>\n\n\n\n<p>Wir fahren einige Nebenstrassen mit mehr oder auch mal weniger guten aber in der Regel kurvigen Strassenbel\u00e4gen, tollen Aussichten und dem einen oder anderen <a href=\"https:\/\/www.oliver-hart.de\/wp\/?page_id=62\" data-type=\"page\" data-id=\"62\">Sehensw\u00fcrdigem<\/a>  wie der Talsperre El Grado. Was ich auch spannend fand, aber leider nicht selbst fotografiert habe, waren (teilweise recht grosse) Bew\u00e4sserungskan\u00e4le die sich oft auf Stelzen durch die Landschaft wanden und nach einigen Recherchen in der Provinz Lleida nicht selten sind.<\/p>\n\n\n\n<figure class=\"wp-block-gallery columns-3 is-cropped\"><ul class=\"blocks-gallery-grid\"><li class=\"blocks-gallery-item\"><figure><img loading=\"lazy\" width=\"1024\" height=\"716\" src=\"https:\/\/www.oliver-hart.de\/wp\/wp-content\/uploads\/2022\/01\/IMG_3183-1024x716.jpeg\" alt=\"\" data-id=\"144\" data-full-url=\"https:\/\/www.oliver-hart.de\/wp\/wp-content\/uploads\/2022\/01\/IMG_3183.jpeg\" data-link=\"https:\/\/www.oliver-hart.de\/wp\/?attachment_id=144\" class=\"wp-image-144\" srcset=\"https:\/\/www.oliver-hart.de\/wp\/wp-content\/uploads\/2022\/01\/IMG_3183-1024x716.jpeg 1024w, https:\/\/www.oliver-hart.de\/wp\/wp-content\/uploads\/2022\/01\/IMG_3183-300x210.jpeg 300w, https:\/\/www.oliver-hart.de\/wp\/wp-content\/uploads\/2022\/01\/IMG_3183-768x537.jpeg 768w, https:\/\/www.oliver-hart.de\/wp\/wp-content\/uploads\/2022\/01\/IMG_3183-1536x1074.jpeg 1536w, https:\/\/www.oliver-hart.de\/wp\/wp-content\/uploads\/2022\/01\/IMG_3183.jpeg 1691w\" sizes=\"(max-width: 1024px) 100vw, 1024px\" \/><\/figure><\/li><li class=\"blocks-gallery-item\"><figure><img loading=\"lazy\" width=\"1024\" height=\"590\" src=\"https:\/\/www.oliver-hart.de\/wp\/wp-content\/uploads\/2022\/01\/IMG_3185-1024x590.jpeg\" alt=\"\" data-id=\"145\" data-full-url=\"https:\/\/www.oliver-hart.de\/wp\/wp-content\/uploads\/2022\/01\/IMG_3185.jpeg\" data-link=\"https:\/\/www.oliver-hart.de\/wp\/?attachment_id=145\" class=\"wp-image-145\" srcset=\"https:\/\/www.oliver-hart.de\/wp\/wp-content\/uploads\/2022\/01\/IMG_3185-1024x590.jpeg 1024w, https:\/\/www.oliver-hart.de\/wp\/wp-content\/uploads\/2022\/01\/IMG_3185-300x173.jpeg 300w, https:\/\/www.oliver-hart.de\/wp\/wp-content\/uploads\/2022\/01\/IMG_3185-768x443.jpeg 768w, https:\/\/www.oliver-hart.de\/wp\/wp-content\/uploads\/2022\/01\/IMG_3185-1536x885.jpeg 1536w, https:\/\/www.oliver-hart.de\/wp\/wp-content\/uploads\/2022\/01\/IMG_3185.jpeg 1907w\" sizes=\"(max-width: 1024px) 100vw, 1024px\" \/><\/figure><\/li><li class=\"blocks-gallery-item\"><figure><img loading=\"lazy\" width=\"1024\" height=\"699\" src=\"https:\/\/www.oliver-hart.de\/wp\/wp-content\/uploads\/2022\/01\/IMG_3187-1024x699.jpeg\" alt=\"\" data-id=\"146\" data-full-url=\"https:\/\/www.oliver-hart.de\/wp\/wp-content\/uploads\/2022\/01\/IMG_3187.jpeg\" data-link=\"https:\/\/www.oliver-hart.de\/wp\/?attachment_id=146\" class=\"wp-image-146\" srcset=\"https:\/\/www.oliver-hart.de\/wp\/wp-content\/uploads\/2022\/01\/IMG_3187-1024x699.jpeg 1024w, https:\/\/www.oliver-hart.de\/wp\/wp-content\/uploads\/2022\/01\/IMG_3187-300x205.jpeg 300w, https:\/\/www.oliver-hart.de\/wp\/wp-content\/uploads\/2022\/01\/IMG_3187-768x524.jpeg 768w, https:\/\/www.oliver-hart.de\/wp\/wp-content\/uploads\/2022\/01\/IMG_3187-1536x1049.jpeg 1536w, https:\/\/www.oliver-hart.de\/wp\/wp-content\/uploads\/2022\/01\/IMG_3187.jpeg 1752w\" sizes=\"(max-width: 1024px) 100vw, 1024px\" \/><\/figure><\/li><li class=\"blocks-gallery-item\"><figure><img loading=\"lazy\" width=\"1024\" height=\"714\" src=\"https:\/\/www.oliver-hart.de\/wp\/wp-content\/uploads\/2022\/01\/IMG_3188-1024x714.jpeg\" alt=\"\" data-id=\"147\" data-full-url=\"https:\/\/www.oliver-hart.de\/wp\/wp-content\/uploads\/2022\/01\/IMG_3188.jpeg\" data-link=\"https:\/\/www.oliver-hart.de\/wp\/?attachment_id=147\" class=\"wp-image-147\" srcset=\"https:\/\/www.oliver-hart.de\/wp\/wp-content\/uploads\/2022\/01\/IMG_3188-1024x714.jpeg 1024w, https:\/\/www.oliver-hart.de\/wp\/wp-content\/uploads\/2022\/01\/IMG_3188-300x209.jpeg 300w, https:\/\/www.oliver-hart.de\/wp\/wp-content\/uploads\/2022\/01\/IMG_3188-768x536.jpeg 768w, https:\/\/www.oliver-hart.de\/wp\/wp-content\/uploads\/2022\/01\/IMG_3188-1536x1072.jpeg 1536w, https:\/\/www.oliver-hart.de\/wp\/wp-content\/uploads\/2022\/01\/IMG_3188.jpeg 1733w\" sizes=\"(max-width: 1024px) 100vw, 1024px\" \/><\/figure><\/li><\/ul><\/figure>\n\n\n\n<p><\/p>\n\n\n\n<p><\/p>\n\n\n\n<p>Irgendwann soll es rechts von der Hauptstrasse abgehen und siehe da, der Abzweig scheint erreicht und eine schmale aber sehr ordentliche Strasse f\u00fchrt uns tiefer in wilde Landschaften.<\/p>\n\n\n\n<p>Irgendwann aber kommt die Erkenntnis bei Volker auf, dass wir eine weitere Abbiegung verpasst haben m\u00fcssen.<\/p>\n\n\n\n<p>Zur\u00fcck fahren? Och nee, dass wird sich nach ein paar Kilometern Umweg sich wieder finden und die Aussichten sind ja schliesslich auch nicht zu verachten.<\/p>\n\n\n\n<p>Nach etwa 20-30 minuten landen wir in einer kleinen Ortschaft die, wie wir nach kurzer Zeit feststellen m\u00fcssen, dass Ende der Strecke darstellt, zumindest wenn man auf gr\u00f6ssere Off-Road Einlagen verzichten m\u00f6chte!<\/p>\n\n\n\n<p>Und nun? Erst mal schaun ob wir etwas zu Essen und Getr\u00e4nke bekommen, eine Bar ist schnell gefunden, aber Essen gibt es Mittags nicht und Abends auch nicht jeden Tag! Einige Kilometer weiter war ein Campingplatz ausgeschildert wo die Chancen vielleicht etwas besser st\u00fcnden, aber wir begn\u00fcgen uns erst mal mit Kaffee und Wasser.<\/p>\n\n\n\n<p><\/p>\n\n\n\n<p>Wir beschliessen dann schon aus Zeitgr\u00fcnden weiter zu fahren und dann in oder bei Huesca etwas zu Essen.<\/p>\n\n\n\n<p><\/p>\n\n\n\n<p>Also wieder 15-20 Kilometer zur\u00fcck bis wir den verpassten Abzweig gefunden haben und entlang an einem Flusstal wieder in Richtung Huesca fahren.<\/p>\n\n\n\n<p>Wie so oft sind die eindrucksvollen Landschaften nachher auf den Bildern nicht mehr ganz so toll, aber dennoch ansehnlich!<\/p>\n\n\n\n<p><\/p>\n\n\n\n<div class=\"wp-block-columns\">\n<div class=\"wp-block-column\" style=\"flex-basis:100%\">\n<div class=\"wp-container-1 wp-block-group\"><div class=\"wp-block-group__inner-container\">\n<div class=\"wp-block-columns\">\n<div class=\"wp-block-column\" style=\"flex-basis:100%\">\n<figure class=\"wp-block-gallery columns-3 is-cropped\"><ul class=\"blocks-gallery-grid\"><li class=\"blocks-gallery-item\"><figure><img loading=\"lazy\" width=\"768\" height=\"1024\" src=\"https:\/\/www.oliver-hart.de\/wp\/wp-content\/uploads\/2022\/01\/IMG_3197-768x1024.jpeg\" alt=\"\" data-id=\"153\" data-link=\"https:\/\/www.oliver-hart.de\/wp\/?attachment_id=153\" class=\"wp-image-153\" srcset=\"https:\/\/www.oliver-hart.de\/wp\/wp-content\/uploads\/2022\/01\/IMG_3197-768x1024.jpeg 768w, https:\/\/www.oliver-hart.de\/wp\/wp-content\/uploads\/2022\/01\/IMG_3197-225x300.jpeg 225w, https:\/\/www.oliver-hart.de\/wp\/wp-content\/uploads\/2022\/01\/IMG_3197-1152x1536.jpeg 1152w, https:\/\/www.oliver-hart.de\/wp\/wp-content\/uploads\/2022\/01\/IMG_3197.jpeg 1254w\" sizes=\"(max-width: 768px) 100vw, 768px\" \/><\/figure><\/li><li class=\"blocks-gallery-item\"><figure><img loading=\"lazy\" width=\"1024\" height=\"768\" src=\"https:\/\/www.oliver-hart.de\/wp\/wp-content\/uploads\/2022\/01\/IMG_3198-1024x768.jpeg\" alt=\"\" data-id=\"154\" data-link=\"https:\/\/www.oliver-hart.de\/wp\/?attachment_id=154\" class=\"wp-image-154\" srcset=\"https:\/\/www.oliver-hart.de\/wp\/wp-content\/uploads\/2022\/01\/IMG_3198-1024x768.jpeg 1024w, https:\/\/www.oliver-hart.de\/wp\/wp-content\/uploads\/2022\/01\/IMG_3198-300x225.jpeg 300w, https:\/\/www.oliver-hart.de\/wp\/wp-content\/uploads\/2022\/01\/IMG_3198-768x576.jpeg 768w, https:\/\/www.oliver-hart.de\/wp\/wp-content\/uploads\/2022\/01\/IMG_3198-1536x1152.jpeg 1536w, https:\/\/www.oliver-hart.de\/wp\/wp-content\/uploads\/2022\/01\/IMG_3198.jpeg 1672w\" sizes=\"(max-width: 1024px) 100vw, 1024px\" \/><\/figure><\/li><li class=\"blocks-gallery-item\"><figure><img loading=\"lazy\" width=\"1024\" height=\"768\" src=\"https:\/\/www.oliver-hart.de\/wp\/wp-content\/uploads\/2022\/01\/IMG_3199-1024x768.jpeg\" alt=\"\" data-id=\"155\" data-link=\"https:\/\/www.oliver-hart.de\/wp\/?attachment_id=155\" class=\"wp-image-155\" srcset=\"https:\/\/www.oliver-hart.de\/wp\/wp-content\/uploads\/2022\/01\/IMG_3199-1024x768.jpeg 1024w, https:\/\/www.oliver-hart.de\/wp\/wp-content\/uploads\/2022\/01\/IMG_3199-300x225.jpeg 300w, https:\/\/www.oliver-hart.de\/wp\/wp-content\/uploads\/2022\/01\/IMG_3199-768x576.jpeg 768w, https:\/\/www.oliver-hart.de\/wp\/wp-content\/uploads\/2022\/01\/IMG_3199-1536x1152.jpeg 1536w, https:\/\/www.oliver-hart.de\/wp\/wp-content\/uploads\/2022\/01\/IMG_3199.jpeg 1672w\" sizes=\"(max-width: 1024px) 100vw, 1024px\" \/><\/figure><\/li><li class=\"blocks-gallery-item\"><figure><img loading=\"lazy\" width=\"1024\" height=\"638\" src=\"https:\/\/www.oliver-hart.de\/wp\/wp-content\/uploads\/2022\/01\/IMG_3200-1024x638.jpeg\" alt=\"\" data-id=\"156\" data-link=\"https:\/\/www.oliver-hart.de\/wp\/?attachment_id=156\" class=\"wp-image-156\" srcset=\"https:\/\/www.oliver-hart.de\/wp\/wp-content\/uploads\/2022\/01\/IMG_3200-1024x638.jpeg 1024w, https:\/\/www.oliver-hart.de\/wp\/wp-content\/uploads\/2022\/01\/IMG_3200-300x187.jpeg 300w, https:\/\/www.oliver-hart.de\/wp\/wp-content\/uploads\/2022\/01\/IMG_3200-768x479.jpeg 768w, https:\/\/www.oliver-hart.de\/wp\/wp-content\/uploads\/2022\/01\/IMG_3200-1536x957.jpeg 1536w, https:\/\/www.oliver-hart.de\/wp\/wp-content\/uploads\/2022\/01\/IMG_3200.jpeg 1834w\" sizes=\"(max-width: 1024px) 100vw, 1024px\" \/><\/figure><\/li><li class=\"blocks-gallery-item\"><figure><img loading=\"lazy\" width=\"768\" height=\"1024\" src=\"https:\/\/www.oliver-hart.de\/wp\/wp-content\/uploads\/2022\/01\/IMG_3202-2-768x1024.jpeg\" alt=\"\" data-id=\"160\" data-full-url=\"https:\/\/www.oliver-hart.de\/wp\/wp-content\/uploads\/2022\/01\/IMG_3202-2.jpeg\" data-link=\"https:\/\/www.oliver-hart.de\/wp\/?attachment_id=160\" class=\"wp-image-160\" srcset=\"https:\/\/www.oliver-hart.de\/wp\/wp-content\/uploads\/2022\/01\/IMG_3202-2-768x1024.jpeg 768w, https:\/\/www.oliver-hart.de\/wp\/wp-content\/uploads\/2022\/01\/IMG_3202-2-225x300.jpeg 225w, https:\/\/www.oliver-hart.de\/wp\/wp-content\/uploads\/2022\/01\/IMG_3202-2-1152x1536.jpeg 1152w, https:\/\/www.oliver-hart.de\/wp\/wp-content\/uploads\/2022\/01\/IMG_3202-2.jpeg 1254w\" sizes=\"(max-width: 768px) 100vw, 768px\" \/><\/figure><\/li><\/ul><\/figure>\n<\/div>\n<\/div>\n<\/div><\/div>\n<\/div>\n<\/div>\n\n\n\n<p><\/p>\n\n\n\n<p><\/p>\n\n\n\n<p><\/p>\n\n\n\n<p><\/p>\n\n\n\n<p><\/p>\n\n\n\n<p><\/p>\n\n\n\n<p><\/p>\n\n\n\n<p><\/p>\n\n\n\n<p><\/p>\n\n\n\n<p><\/p>\n\n\n\n<p><a href=\"https:\/\/www.oliver-hart.de\/wp\/?page_id=74\" data-type=\"page\" data-id=\"74\">Benasque<\/a><\/p>\n","protected":false},"excerpt":{"rendered":"<p>Mittwoch, die 12 Truppe l\u00f6st sich in mehrere kleine Gruppen auf, jeder hat so seine Interessen und Ideen, Volker und ich wollen gerne mal etwas weiter um mehr von den Pyren\u00e4en zu sehen, wir planen eine grosses Karree mit Huesca als Ziel um die Mittagszeit. Wir fahren einige Nebenstrassen mit&#8230; <a class=\"continue-reading-link\" href=\"https:\/\/www.oliver-hart.de\/wp\/?page_id=118\"> Continue reading <span class=\"meta-nav\">&rarr; <\/span><\/a><\/p>\n","protected":false},"author":2,"featured_media":0,"parent":0,"menu_order":0,"comment_status":"open","ping_status":"closed","template":"","meta":[],"_links":{"self":[{"href":"https:\/\/www.oliver-hart.de\/wp\/index.php?rest_route=\/wp\/v2\/pages\/118"}],"collection":[{"href":"https:\/\/www.oliver-hart.de\/wp\/index.php?rest_route=\/wp\/v2\/pages"}],"about":[{"href":"https:\/\/www.oliver-hart.de\/wp\/index.php?rest_route=\/wp\/v2\/types\/page"}],"author":[{"embeddable":true,"href":"https:\/\/www.oliver-hart.de\/wp\/index.php?rest_route=\/wp\/v2\/users\/2"}],"replies":[{"embeddable":true,"href":"https:\/\/www.oliver-hart.de\/wp\/index.php?rest_route=%2Fwp%2Fv2%2Fcomments&post=118"}],"version-history":[{"count":9,"href":"https:\/\/www.oliver-hart.de\/wp\/index.php?rest_route=\/wp\/v2\/pages\/118\/revisions"}],"predecessor-version":[{"id":161,"href":"https:\/\/www.oliver-hart.de\/wp\/index.php?rest_route=\/wp\/v2\/pages\/118\/revisions\/161"}],"wp:attachment":[{"href":"https:\/\/www.oliver-hart.de\/wp\/index.php?rest_route=%2Fwp%2Fv2%2Fmedia&parent=118"}],"curies":[{"name":"wp","href":"https:\/\/api.w.org\/{rel}","templated":true}]}}