{"id":186,"date":"2022-01-12T14:24:54","date_gmt":"2022-01-12T14:24:54","guid":{"rendered":"https:\/\/www.oliver-hart.de\/wp\/?page_id=186"},"modified":"2022-01-26T12:56:01","modified_gmt":"2022-01-26T12:56:01","slug":"impressum","status":"publish","type":"page","link":"https:\/\/www.oliver-hart.de\/wp\/?page_id=186","title":{"rendered":"Impressum"},"content":{"rendered":"\n<h4>Gem\u00e4\u00df \u00a7 28 BDSG widerspreche ich jeder kommerziellen Verwendung und Weitergabe meiner Daten.<\/h4>\n\n\n\n<p>Verantwortlich f\u00fcr die Inhalte dieser Webseite (gem\u00e4\u00df \u00a7 5 TMG \/ \u00a7 55 II RStV)<\/p>\n\n\n\n<p>Oliver Hart<br>Schulstrasse 5<br>56412 Girod<br>E-Mail: oliver  (Punkt) hart (at) gmx (Punkt) net<\/p>\n\n\n\n<p>Sollten hier irgendwelche Rechte verletzt werden, so schreibt mich diesbez\u00fcglich bitte an.<\/p>\n\n\n\n<p>Haftungshinweis: Trotz sorgf\u00e4ltiger inhaltlicher Kontrolle \u00fcbernehme ich keine Haftung f\u00fcr die Inhalte externer Links. F\u00fcr den Inhalt der verlinkten Seiten sind ausschlie\u00dflich deren Betreiber verantwortlich.<\/p>\n","protected":false},"excerpt":{"rendered":"<p>Gem\u00e4\u00df \u00a7 28 BDSG widerspreche ich jeder kommerziellen Verwendung und Weitergabe meiner Daten. Verantwortlich f\u00fcr die Inhalte dieser Webseite (gem\u00e4\u00df \u00a7 5 TMG \/ \u00a7 55 II RStV) Oliver HartSchulstrasse 556412 GirodE-Mail: oliver (Punkt) hart (at) gmx (Punkt) net Sollten hier irgendwelche Rechte verletzt werden, so schreibt mich diesbez\u00fcglich bitte&#8230; <a class=\"continue-reading-link\" href=\"https:\/\/www.oliver-hart.de\/wp\/?page_id=186\"> Continue reading <span class=\"meta-nav\">&rarr; <\/span><\/a><\/p>\n","protected":false},"author":2,"featured_media":0,"parent":0,"menu_order":0,"comment_status":"open","ping_status":"closed","template":"","meta":[],"_links":{"self":[{"href":"https:\/\/www.oliver-hart.de\/wp\/index.php?rest_route=\/wp\/v2\/pages\/186"}],"collection":[{"href":"https:\/\/www.oliver-hart.de\/wp\/index.php?rest_route=\/wp\/v2\/pages"}],"about":[{"href":"https:\/\/www.oliver-hart.de\/wp\/index.php?rest_route=\/wp\/v2\/types\/page"}],"author":[{"embeddable":true,"href":"https:\/\/www.oliver-hart.de\/wp\/index.php?rest_route=\/wp\/v2\/users\/2"}],"replies":[{"embeddable":true,"href":"https:\/\/www.oliver-hart.de\/wp\/index.php?rest_route=%2Fwp%2Fv2%2Fcomments&post=186"}],"version-history":[{"count":2,"href":"https:\/\/www.oliver-hart.de\/wp\/index.php?rest_route=\/wp\/v2\/pages\/186\/revisions"}],"predecessor-version":[{"id":189,"href":"https:\/\/www.oliver-hart.de\/wp\/index.php?rest_route=\/wp\/v2\/pages\/186\/revisions\/189"}],"wp:attachment":[{"href":"https:\/\/www.oliver-hart.de\/wp\/index.php?rest_route=%2Fwp%2Fv2%2Fmedia&parent=186"}],"curies":[{"name":"wp","href":"https:\/\/api.w.org\/{rel}","templated":true}]}}